{"id":3906,"date":"2024-02-06T11:32:36","date_gmt":"2024-02-06T10:32:36","guid":{"rendered":"https:\/\/traslochiberi.it\/impressum-2\/"},"modified":"2025-04-29T15:37:16","modified_gmt":"2025-04-29T13:37:16","slug":"impressum","status":"publish","type":"page","link":"https:\/\/traslochiberi.it\/de\/impressum\/","title":{"rendered":"Impressum"},"content":{"rendered":"<div class=\"fusion-fullwidth fullwidth-box fusion-builder-row-1 fusion-flex-container has-pattern-background has-mask-background nonhundred-percent-fullwidth non-hundred-percent-height-scrolling\" style=\"--awb-border-radius-top-left:0px;--awb-border-radius-top-right:0px;--awb-border-radius-bottom-right:0px;--awb-border-radius-bottom-left:0px;--awb-flex-wrap:wrap;\" ><div class=\"fusion-builder-row fusion-row fusion-flex-align-items-flex-start fusion-flex-content-wrap\" style=\"max-width:1404px;margin-left: calc(-4% \/ 2 );margin-right: calc(-4% \/ 2 );\"><div class=\"fusion-layout-column fusion_builder_column fusion-builder-column-0 fusion_builder_column_1_2 1_2 fusion-flex-column\" style=\"--awb-bg-size:cover;--awb-width-large:50%;--awb-margin-top-large:20px;--awb-spacing-right-large:3.84%;--awb-margin-bottom-large:20px;--awb-spacing-left-large:3.84%;--awb-width-medium:50%;--awb-order-medium:0;--awb-spacing-right-medium:3.84%;--awb-spacing-left-medium:3.84%;--awb-width-small:100%;--awb-order-small:0;--awb-spacing-right-small:1.92%;--awb-spacing-left-small:1.92%;\"><div class=\"fusion-column-wrapper fusion-column-has-shadow fusion-flex-justify-content-flex-start fusion-content-layout-column\"><div class=\"fusion-title title fusion-title-1 fusion-sep-none fusion-title-text fusion-title-size-three\" style=\"--awb-margin-top-small:12px;--awb-margin-right-small:0px;--awb-margin-bottom-small:24px;--awb-margin-left-small:0px;\"><h3 class=\"fusion-title-heading title-heading-left fusion-responsive-typography-calculated\" style=\"margin:0;--fontSize:32;line-height:1.26;\">Kunde<\/h3><\/div><div class=\"fusion-text fusion-text-1\"><h5><strong>Br\u00fcder Beri<\/strong><\/h5>\n<p>Mules-Stra\u00dfe 11<br \/>39040 Freienfeld (BZ)<br \/>MwSt: 03074990213<\/p>\n<p><strong>Tel:<\/strong> <a href=\"tel:+390472920898\">+39 0472 920898<\/a><br \/><strong>Mobil:<\/strong> <a href=\"tel:+393297559970\">+39 329 755 9970<\/a><br \/><strong>E-mail:<\/strong> <a href=\"mailto:info@traslochiberi.it\">info@traslochiberi.it<\/a><\/p>\n<\/div><div class=\"fusion-title title fusion-title-2 fusion-sep-none fusion-title-text fusion-title-size-four\" style=\"--awb-margin-top-small:12px;--awb-margin-right-small:0px;--awb-margin-bottom-small:24px;--awb-margin-left-small:0px;\"><h4 class=\"fusion-title-heading title-heading-left fusion-responsive-typography-calculated\" style=\"margin:0;--fontSize:26;line-height:1.4;\">Verantwortung f\u00fcr Inhalte<\/h4><\/div><div class=\"fusion-text fusion-text-2\"><p>Nach sorgf\u00e4ltiger Pr\u00fcfung aller Inhalte der Website \u00fcbernehmen wir keine Verantwortung f\u00fcr externe verlinkte Inhalte. F\u00fcr den Inhalt verlinkter Seiten sind ausschlie\u00dflich deren Betreiber verantwortlich.<\/p>\n<\/div><\/div><\/div><div class=\"fusion-layout-column fusion_builder_column fusion-builder-column-1 fusion_builder_column_1_2 1_2 fusion-flex-column\" style=\"--awb-bg-size:cover;--awb-width-large:50%;--awb-margin-top-large:20px;--awb-spacing-right-large:3.84%;--awb-margin-bottom-large:20px;--awb-spacing-left-large:3.84%;--awb-width-medium:50%;--awb-order-medium:0;--awb-spacing-right-medium:3.84%;--awb-spacing-left-medium:3.84%;--awb-width-small:100%;--awb-order-small:0;--awb-spacing-right-small:1.92%;--awb-spacing-left-small:1.92%;\"><div class=\"fusion-column-wrapper fusion-column-has-shadow fusion-flex-justify-content-flex-start fusion-content-layout-column\"><div class=\"fusion-title title fusion-title-3 fusion-sep-none fusion-title-text fusion-title-size-three\" style=\"--awb-margin-top-small:12px;--awb-margin-right-small:0px;--awb-margin-bottom-small:24px;--awb-margin-left-small:0px;\"><h3 class=\"fusion-title-heading title-heading-left fusion-responsive-typography-calculated\" style=\"margin:0;--fontSize:32;line-height:1.26;\">Web Agency: SEO, hosting<\/h3><\/div><div class=\"fusion-text fusion-text-3\"><h5><strong>Totalcom Network SRL<\/strong><\/h5>\n<p>J. Ressel-Stra\u00dfe 2<br \/>\n39100 Bolzano (BZ)<br \/>\n<strong>Tel:<\/strong> <a href=\"tel:+3904711628000\">+39 0471 162 8000<\/a><\/p>\n<p><strong>Web:<\/strong> <a href=\"http:\/\/www.totalcom.it\" rel=\"nofollow noopener\" target=\"_blank\">www.totalcom.it<\/a><br \/>\n<strong>E-mail:<\/strong> <a href=\"mailto:info@totalcom.it\">info@totalcom.it<\/a><br \/>\n<a href=\"mailto:helpdesk@totalcom.it\">helpdesk@totalcom.it<\/a> (Assistenza tecnica)<\/p>\n<\/div><div class=\"fusion-text fusion-text-4\"><p>Diese Website wurde f\u00fcr Chrome V50, Firefox V46, Edge V20 optimiert und ist mit anderen g\u00e4ngigen HTML5-Browsern (W3C) kompatibel.<\/p>\n<\/div><\/div><\/div><div class=\"fusion-layout-column fusion_builder_column fusion-builder-column-2 fusion_builder_column_1_2 1_2 fusion-flex-column\" style=\"--awb-bg-size:cover;--awb-width-large:50%;--awb-margin-top-large:20px;--awb-spacing-right-large:3.84%;--awb-margin-bottom-large:20px;--awb-spacing-left-large:3.84%;--awb-width-medium:50%;--awb-order-medium:0;--awb-spacing-right-medium:3.84%;--awb-spacing-left-medium:3.84%;--awb-width-small:100%;--awb-order-small:0;--awb-spacing-right-small:1.92%;--awb-spacing-left-small:1.92%;\"><div class=\"fusion-column-wrapper fusion-column-has-shadow fusion-flex-justify-content-flex-start fusion-content-layout-column\"><\/div><\/div><div class=\"fusion-layout-column fusion_builder_column fusion-builder-column-3 fusion_builder_column_1_2 1_2 fusion-flex-column\" style=\"--awb-bg-size:cover;--awb-width-large:50%;--awb-margin-top-large:20px;--awb-spacing-right-large:3.84%;--awb-margin-bottom-large:20px;--awb-spacing-left-large:3.84%;--awb-width-medium:50%;--awb-order-medium:0;--awb-spacing-right-medium:3.84%;--awb-spacing-left-medium:3.84%;--awb-width-small:100%;--awb-order-small:0;--awb-spacing-right-small:1.92%;--awb-spacing-left-small:1.92%;\"><div class=\"fusion-column-wrapper fusion-column-has-shadow fusion-flex-justify-content-flex-start fusion-content-layout-column\"><\/div><\/div><\/div><\/div>\n","protected":false},"excerpt":{"rendered":"","protected":false},"author":3,"featured_media":0,"parent":0,"menu_order":0,"comment_status":"closed","ping_status":"closed","template":"","meta":{"footnotes":""},"class_list":["post-3906","page","type-page","status-publish","hentry"],"_links":{"self":[{"href":"https:\/\/traslochiberi.it\/de\/wp-json\/wp\/v2\/pages\/3906","targetHints":{"allow":["GET"]}}],"collection":[{"href":"https:\/\/traslochiberi.it\/de\/wp-json\/wp\/v2\/pages"}],"about":[{"href":"https:\/\/traslochiberi.it\/de\/wp-json\/wp\/v2\/types\/page"}],"author":[{"embeddable":true,"href":"https:\/\/traslochiberi.it\/de\/wp-json\/wp\/v2\/users\/3"}],"replies":[{"embeddable":true,"href":"https:\/\/traslochiberi.it\/de\/wp-json\/wp\/v2\/comments?post=3906"}],"version-history":[{"count":8,"href":"https:\/\/traslochiberi.it\/de\/wp-json\/wp\/v2\/pages\/3906\/revisions"}],"predecessor-version":[{"id":4524,"href":"https:\/\/traslochiberi.it\/de\/wp-json\/wp\/v2\/pages\/3906\/revisions\/4524"}],"wp:attachment":[{"href":"https:\/\/traslochiberi.it\/de\/wp-json\/wp\/v2\/media?parent=3906"}],"curies":[{"name":"wp","href":"https:\/\/api.w.org\/{rel}","templated":true}]}}